{"id":3890,"date":"2021-06-07T15:13:52","date_gmt":"2021-06-07T13:13:52","guid":{"rendered":"https:\/\/textundbild.ch\/cms\/?page_id=3890"},"modified":"2024-07-03T14:38:13","modified_gmt":"2024-07-03T12:38:13","slug":"content-marketing","status":"publish","type":"page","link":"https:\/\/textundbild.ch\/cms\/content-marketing\/","title":{"rendered":"Content Marketing"},"content":{"rendered":"<h2>Was ist Content Marketing?<\/h2>\n<p>Content Marketing ist Marketing mittels wertvollen Inhalten, die auf digitalen Plattformen publiziert werden. Dies k\u00f6nnen eigene Plattformen wie die Unternehmenswebsite und gemietete Plattformen wie Social-Media-Kan\u00e4le sein. Content Marketing ist eine leise Spielart des Marketings, denn es erbringt Kund*innen-Nutzen, statt ihn anzupreisen. Weil es dies viele Male tut, ohne daf\u00fcr etwas zur\u00fcckzuverlangen, gilt Content Marketing als Marathon unter den Marketing-Disziplinen. Erfolg haben denn auch nur Unternehmen mit einer Strategie und l\u00e4ngerem Atem.<\/p>\n<h2>Warum Content Marketing?<\/h2>\n<p>\u00abSpreche ich mit Frau Karin Meier? Wunderbar. Ich bin \u2026 \u00bb Darauf folgt ein Schwall \u00fcber die Vorz\u00fcge eines Produktes oder eine Tirade gegen die hohen Krankenkassenpr\u00e4mien.<\/p>\n<p>Content Marketing geht den umgekehrten Weg. Es bietet potenziellen Kund*innen relevante, informative und redaktionell aufbereitete Inhalte. Ein Unternehmen positioniert sich so als Expert*in in seinem Fachbereich. \u00dcber die Zeit verbinden die User*innen das Unternehmen mit dem Thema, sodass sie zu Kund*innen werden.\u00a0 <span style=\"color: #008000;\"><br \/>\n<\/span><\/p>\n<p>Zwei Beispiele:<\/p>\n<ul>\n<li>Die Geb\u00e4udeversicherung Bern positioniert sich mit dem Online-Ratgeber <a href=\"http:\/\/www.hausinfo.ch\" target=\"_blank\" rel=\"noopener\">hausinfo<\/a> als Expertin in allen Fragen rund ums Bauen und Wohnen. Mit kontinuierlichen, aktuellen Inhalten macht sie aus ihren Leser*innen Kund*innen f\u00fcr ihre Zusatzversicherungen.<\/li>\n<li>Der Dachverband Komplement\u00e4rmedizin informiert mit seinem Online-Ratgeber <a href=\"http:\/\/www.millefolia.ch\" target=\"_blank\" rel=\"noopener\">millefolia<\/a> \u00fcber komplement\u00e4rmedizinische Disziplinen und zeigt, bei welchen Beschwerden sie helfen. Damit f\u00f6rdert er die Anerkennung und Reputation von Komplement\u00e4rmedizin.<\/li>\n<\/ul>\n<h2>Was Sie von uns erhalten<\/h2>\n<ul>\n<li>Eine Strategie mit Zielen, Personas, Plattformen, Themen und Ressourcenplanung<\/li>\n<li>Themen-Cluster im \u00abSweet Spot\u00bb, dem Ort, in dem Ihr Know-how und Ihre Marketingziele mit den Interessen Ihrer Zielgruppe zusammenkommen<\/li>\n<li>Redaktionelle Inhalte mit Text und Bild<\/li>\n<\/ul>\n<h2>Ihr Nutzen<\/h2>\n<ul>\n<li>Sie gewinnen Partner*innen, die Sie voran bringen<\/li>\n<li>Sie k\u00f6nnen sicher sein, dass die Kund*innen dank Outside-in-Perspektive im Fokus stehen<\/li>\n<li>Sie finden mehr Zeit f\u00fcr andere Aufgaben im Digital Marketing<\/li>\n<\/ul>\n","protected":false},"excerpt":{"rendered":"<p>Was ist Content Marketing? Content Marketing ist Marketing mittels wertvollen Inhalten, die auf digitalen Plattformen publiziert werden. Dies k\u00f6nnen eigene Plattformen wie die&hellip;<\/p>\n","protected":false},"author":2,"featured_media":3162,"parent":0,"menu_order":0,"comment_status":"closed","ping_status":"closed","template":"","meta":{"footnotes":""},"class_list":["post-3890","page","type-page","status-publish","has-post-thumbnail","hentry"],"yoast_head":"<!-- This site is optimized with the Yoast SEO plugin v26.8 - https:\/\/yoast.com\/product\/yoast-seo-wordpress\/ -->\n<title>Content Marketing f\u00fcr KMUs - text&amp;bild, Karin Meier, Bern<\/title>\n<meta name=\"description\" content=\"In mir finden Sie eine Spezialistin f\u00fcr Content Marketing, die Sie bei der Strategie, Themenfindung und Kreation unterst\u00fctzt.\" \/>\n<meta name=\"robots\" content=\"index, follow, max-snippet:-1, max-image-preview:large, max-video-preview:-1\" \/>\n<link rel=\"canonical\" href=\"https:\/\/textundbild.ch\/cms\/content-marketing\/\" \/>\n<meta property=\"og:locale\" content=\"de_DE\" \/>\n<meta property=\"og:type\" content=\"article\" \/>\n<meta property=\"og:title\" content=\"Content Marketing f\u00fcr KMUs - text&amp;bild, Karin Meier, Bern\" \/>\n<meta property=\"og:description\" content=\"In mir finden Sie eine Spezialistin f\u00fcr Content Marketing, die Sie bei der Strategie, Themenfindung und Kreation unterst\u00fctzt.\" \/>\n<meta property=\"og:url\" content=\"https:\/\/textundbild.ch\/cms\/content-marketing\/\" \/>\n<meta property=\"og:site_name\" content=\"text&amp;bild\" \/>\n<meta property=\"article:modified_time\" content=\"2024-07-03T12:38:13+00:00\" \/>\n<meta property=\"og:image\" content=\"https:\/\/textundbild.ch\/cms\/wp-content\/uploads\/DSCN2778_korr_1280px.jpg\" \/>\n\t<meta property=\"og:image:width\" content=\"1800\" \/>\n\t<meta property=\"og:image:height\" content=\"1316\" \/>\n\t<meta property=\"og:image:type\" content=\"image\/jpeg\" \/>\n<meta name=\"twitter:card\" content=\"summary_large_image\" \/>\n<meta name=\"twitter:label1\" content=\"Gesch\u00e4tzte Lesezeit\" \/>\n\t<meta name=\"twitter:data1\" content=\"2\u00a0Minuten\" \/>\n<script type=\"application\/ld+json\" class=\"yoast-schema-graph\">{\"@context\":\"https:\/\/schema.org\",\"@graph\":[{\"@type\":\"WebPage\",\"@id\":\"https:\/\/textundbild.ch\/cms\/content-marketing\/\",\"url\":\"https:\/\/textundbild.ch\/cms\/content-marketing\/\",\"name\":\"Content Marketing f\u00fcr KMUs - text&amp;bild, Karin Meier, Bern\",\"isPartOf\":{\"@id\":\"https:\/\/textundbild.ch\/cms\/#website\"},\"primaryImageOfPage\":{\"@id\":\"https:\/\/textundbild.ch\/cms\/content-marketing\/#primaryimage\"},\"image\":{\"@id\":\"https:\/\/textundbild.ch\/cms\/content-marketing\/#primaryimage\"},\"thumbnailUrl\":\"https:\/\/textundbild.ch\/cms\/wp-content\/uploads\/DSCN2778_korr_1280px.jpg\",\"datePublished\":\"2021-06-07T13:13:52+00:00\",\"dateModified\":\"2024-07-03T12:38:13+00:00\",\"description\":\"In mir finden Sie eine Spezialistin f\u00fcr Content Marketing, die Sie bei der Strategie, Themenfindung und Kreation unterst\u00fctzt.\",\"breadcrumb\":{\"@id\":\"https:\/\/textundbild.ch\/cms\/content-marketing\/#breadcrumb\"},\"inLanguage\":\"de\",\"potentialAction\":[{\"@type\":\"ReadAction\",\"target\":[\"https:\/\/textundbild.ch\/cms\/content-marketing\/\"]}]},{\"@type\":\"ImageObject\",\"inLanguage\":\"de\",\"@id\":\"https:\/\/textundbild.ch\/cms\/content-marketing\/#primaryimage\",\"url\":\"https:\/\/textundbild.ch\/cms\/wp-content\/uploads\/DSCN2778_korr_1280px.jpg\",\"contentUrl\":\"https:\/\/textundbild.ch\/cms\/wp-content\/uploads\/DSCN2778_korr_1280px.jpg\",\"width\":1800,\"height\":1316,\"caption\":\"Content Marketing f\u00fcr KMUs\"},{\"@type\":\"BreadcrumbList\",\"@id\":\"https:\/\/textundbild.ch\/cms\/content-marketing\/#breadcrumb\",\"itemListElement\":[{\"@type\":\"ListItem\",\"position\":1,\"name\":\"Startseite\",\"item\":\"https:\/\/textundbild.ch\/cms\/\"},{\"@type\":\"ListItem\",\"position\":2,\"name\":\"Content Marketing\"}]},{\"@type\":\"WebSite\",\"@id\":\"https:\/\/textundbild.ch\/cms\/#website\",\"url\":\"https:\/\/textundbild.ch\/cms\/\",\"name\":\"text&amp;bild\",\"description\":\"Karin Meier, Marius Sch\u00e4ren, Bern\",\"potentialAction\":[{\"@type\":\"SearchAction\",\"target\":{\"@type\":\"EntryPoint\",\"urlTemplate\":\"https:\/\/textundbild.ch\/cms\/?s={search_term_string}\"},\"query-input\":{\"@type\":\"PropertyValueSpecification\",\"valueRequired\":true,\"valueName\":\"search_term_string\"}}],\"inLanguage\":\"de\"}]}<\/script>\n<!-- \/ Yoast SEO plugin. -->","yoast_head_json":{"title":"Content Marketing f\u00fcr KMUs - text&amp;bild, Karin Meier, Bern","description":"In mir finden Sie eine Spezialistin f\u00fcr Content Marketing, die Sie bei der Strategie, Themenfindung und Kreation unterst\u00fctzt.","robots":{"index":"index","follow":"follow","max-snippet":"max-snippet:-1","max-image-preview":"max-image-preview:large","max-video-preview":"max-video-preview:-1"},"canonical":"https:\/\/textundbild.ch\/cms\/content-marketing\/","og_locale":"de_DE","og_type":"article","og_title":"Content Marketing f\u00fcr KMUs - text&amp;bild, Karin Meier, Bern","og_description":"In mir finden Sie eine Spezialistin f\u00fcr Content Marketing, die Sie bei der Strategie, Themenfindung und Kreation unterst\u00fctzt.","og_url":"https:\/\/textundbild.ch\/cms\/content-marketing\/","og_site_name":"text&amp;bild","article_modified_time":"2024-07-03T12:38:13+00:00","og_image":[{"width":1800,"height":1316,"url":"https:\/\/textundbild.ch\/cms\/wp-content\/uploads\/DSCN2778_korr_1280px.jpg","type":"image\/jpeg"}],"twitter_card":"summary_large_image","twitter_misc":{"Gesch\u00e4tzte Lesezeit":"2\u00a0Minuten"},"schema":{"@context":"https:\/\/schema.org","@graph":[{"@type":"WebPage","@id":"https:\/\/textundbild.ch\/cms\/content-marketing\/","url":"https:\/\/textundbild.ch\/cms\/content-marketing\/","name":"Content Marketing f\u00fcr KMUs - text&amp;bild, Karin Meier, Bern","isPartOf":{"@id":"https:\/\/textundbild.ch\/cms\/#website"},"primaryImageOfPage":{"@id":"https:\/\/textundbild.ch\/cms\/content-marketing\/#primaryimage"},"image":{"@id":"https:\/\/textundbild.ch\/cms\/content-marketing\/#primaryimage"},"thumbnailUrl":"https:\/\/textundbild.ch\/cms\/wp-content\/uploads\/DSCN2778_korr_1280px.jpg","datePublished":"2021-06-07T13:13:52+00:00","dateModified":"2024-07-03T12:38:13+00:00","description":"In mir finden Sie eine Spezialistin f\u00fcr Content Marketing, die Sie bei der Strategie, Themenfindung und Kreation unterst\u00fctzt.","breadcrumb":{"@id":"https:\/\/textundbild.ch\/cms\/content-marketing\/#breadcrumb"},"inLanguage":"de","potentialAction":[{"@type":"ReadAction","target":["https:\/\/textundbild.ch\/cms\/content-marketing\/"]}]},{"@type":"ImageObject","inLanguage":"de","@id":"https:\/\/textundbild.ch\/cms\/content-marketing\/#primaryimage","url":"https:\/\/textundbild.ch\/cms\/wp-content\/uploads\/DSCN2778_korr_1280px.jpg","contentUrl":"https:\/\/textundbild.ch\/cms\/wp-content\/uploads\/DSCN2778_korr_1280px.jpg","width":1800,"height":1316,"caption":"Content Marketing f\u00fcr KMUs"},{"@type":"BreadcrumbList","@id":"https:\/\/textundbild.ch\/cms\/content-marketing\/#breadcrumb","itemListElement":[{"@type":"ListItem","position":1,"name":"Startseite","item":"https:\/\/textundbild.ch\/cms\/"},{"@type":"ListItem","position":2,"name":"Content Marketing"}]},{"@type":"WebSite","@id":"https:\/\/textundbild.ch\/cms\/#website","url":"https:\/\/textundbild.ch\/cms\/","name":"text&amp;bild","description":"Karin Meier, Marius Sch\u00e4ren, Bern","potentialAction":[{"@type":"SearchAction","target":{"@type":"EntryPoint","urlTemplate":"https:\/\/textundbild.ch\/cms\/?s={search_term_string}"},"query-input":{"@type":"PropertyValueSpecification","valueRequired":true,"valueName":"search_term_string"}}],"inLanguage":"de"}]}},"_links":{"self":[{"href":"https:\/\/textundbild.ch\/cms\/wp-json\/wp\/v2\/pages\/3890","targetHints":{"allow":["GET"]}}],"collection":[{"href":"https:\/\/textundbild.ch\/cms\/wp-json\/wp\/v2\/pages"}],"about":[{"href":"https:\/\/textundbild.ch\/cms\/wp-json\/wp\/v2\/types\/page"}],"author":[{"embeddable":true,"href":"https:\/\/textundbild.ch\/cms\/wp-json\/wp\/v2\/users\/2"}],"replies":[{"embeddable":true,"href":"https:\/\/textundbild.ch\/cms\/wp-json\/wp\/v2\/comments?post=3890"}],"version-history":[{"count":21,"href":"https:\/\/textundbild.ch\/cms\/wp-json\/wp\/v2\/pages\/3890\/revisions"}],"predecessor-version":[{"id":4043,"href":"https:\/\/textundbild.ch\/cms\/wp-json\/wp\/v2\/pages\/3890\/revisions\/4043"}],"wp:featuredmedia":[{"embeddable":true,"href":"https:\/\/textundbild.ch\/cms\/wp-json\/wp\/v2\/media\/3162"}],"wp:attachment":[{"href":"https:\/\/textundbild.ch\/cms\/wp-json\/wp\/v2\/media?parent=3890"}],"curies":[{"name":"wp","href":"https:\/\/api.w.org\/{rel}","templated":true}]}}