{"id":2710,"date":"2018-10-25T17:30:27","date_gmt":"2018-10-25T15:30:27","guid":{"rendered":"https:\/\/textundbild.ch\/cms\/?page_id=2710"},"modified":"2020-11-04T11:31:26","modified_gmt":"2020-11-04T09:31:26","slug":"bild","status":"publish","type":"page","link":"https:\/\/textundbild.ch\/cms\/bild\/","title":{"rendered":"Ein Bild sagt mehr als 1000 Worte. Und l\u00e4sst Sie mit den Augen h\u00f6ren."},"content":{"rendered":"<p>Genug gelesen? Richtig. Unsere Bilder sollen mehr als alle Worte an der selben Stelle sagen. Sonst w\u00e4ren sie fehl am Platz.<\/p>\n<p>Ob Portr\u00e4ts mit Puder, Stilleben im Studio, Reportagen im Regen, Architektur in der Agglo, K\u00fcsse in der Kirche: Fotografie ist unsere zweite Seele in der Brust. Oder besser: Text und Bild sind bei uns eine.<\/p>\n<p><a href=\"https:\/\/textundbild.ch\/cms\/category\/bild\/\">Unsere Referenzen finden Sie hier.<\/a><\/p>\n","protected":false},"excerpt":{"rendered":"<p>Genug gelesen? Richtig. Unsere Bilder sollen mehr als alle Worte an der selben Stelle sagen. Sonst w\u00e4ren sie fehl am Platz. Ob Portr\u00e4ts&hellip;<\/p>\n","protected":false},"author":2,"featured_media":2930,"parent":0,"menu_order":0,"comment_status":"closed","ping_status":"closed","template":"page-templates\/no-sidebar.php","meta":{"footnotes":""},"class_list":["post-2710","page","type-page","status-publish","has-post-thumbnail","hentry"],"yoast_head":"<!-- This site is optimized with the Yoast SEO plugin v26.8 - https:\/\/yoast.com\/product\/yoast-seo-wordpress\/ -->\n<title>Ein Bild sagt mehr als 1000 Worte - Fotograf Marius Sch\u00e4ren, text&amp;bild<\/title>\n<meta name=\"description\" content=\"Ob Portr\u00e4ts mit Puder, Reportagen im Regen, Stilleben im Studio, Architektur in der Agglo, K\u00fcsse in der Kirche: Unsere Bilder sprechen B\u00e4nde.\" \/>\n<meta name=\"robots\" content=\"index, follow, max-snippet:-1, max-image-preview:large, max-video-preview:-1\" \/>\n<link rel=\"canonical\" href=\"https:\/\/textundbild.ch\/cms\/bild\/\" \/>\n<meta property=\"og:locale\" content=\"de_DE\" \/>\n<meta property=\"og:type\" content=\"article\" \/>\n<meta property=\"og:title\" content=\"Ein Bild sagt mehr als 1000 Worte - Fotograf Marius Sch\u00e4ren, text&amp;bild\" \/>\n<meta property=\"og:description\" content=\"Ob Portr\u00e4ts mit Puder, Reportagen im Regen, Stilleben im Studio, Architektur in der Agglo, K\u00fcsse in der Kirche: Unsere Bilder sprechen B\u00e4nde.\" \/>\n<meta property=\"og:url\" content=\"https:\/\/textundbild.ch\/cms\/bild\/\" \/>\n<meta property=\"og:site_name\" content=\"text&amp;bild\" \/>\n<meta property=\"article:modified_time\" content=\"2020-11-04T09:31:26+00:00\" \/>\n<meta property=\"og:image\" content=\"https:\/\/textundbild.ch\/cms\/wp-content\/uploads\/DSCN2204_korr-1800x1350.jpg\" \/>\n\t<meta property=\"og:image:width\" content=\"1800\" \/>\n\t<meta property=\"og:image:height\" content=\"1350\" \/>\n\t<meta property=\"og:image:type\" content=\"image\/jpeg\" \/>\n<meta name=\"twitter:card\" content=\"summary_large_image\" \/>\n<script type=\"application\/ld+json\" class=\"yoast-schema-graph\">{\"@context\":\"https:\/\/schema.org\",\"@graph\":[{\"@type\":\"WebPage\",\"@id\":\"https:\/\/textundbild.ch\/cms\/bild\/\",\"url\":\"https:\/\/textundbild.ch\/cms\/bild\/\",\"name\":\"Ein Bild sagt mehr als 1000 Worte - Fotograf Marius Sch\u00e4ren, text&amp;bild\",\"isPartOf\":{\"@id\":\"https:\/\/textundbild.ch\/cms\/#website\"},\"primaryImageOfPage\":{\"@id\":\"https:\/\/textundbild.ch\/cms\/bild\/#primaryimage\"},\"image\":{\"@id\":\"https:\/\/textundbild.ch\/cms\/bild\/#primaryimage\"},\"thumbnailUrl\":\"https:\/\/textundbild.ch\/cms\/wp-content\/uploads\/DSCN2204_korr.jpg\",\"datePublished\":\"2018-10-25T15:30:27+00:00\",\"dateModified\":\"2020-11-04T09:31:26+00:00\",\"description\":\"Ob Portr\u00e4ts mit Puder, Reportagen im Regen, Stilleben im Studio, Architektur in der Agglo, K\u00fcsse in der Kirche: Unsere Bilder sprechen B\u00e4nde.\",\"breadcrumb\":{\"@id\":\"https:\/\/textundbild.ch\/cms\/bild\/#breadcrumb\"},\"inLanguage\":\"de\",\"potentialAction\":[{\"@type\":\"ReadAction\",\"target\":[\"https:\/\/textundbild.ch\/cms\/bild\/\"]}]},{\"@type\":\"ImageObject\",\"inLanguage\":\"de\",\"@id\":\"https:\/\/textundbild.ch\/cms\/bild\/#primaryimage\",\"url\":\"https:\/\/textundbild.ch\/cms\/wp-content\/uploads\/DSCN2204_korr.jpg\",\"contentUrl\":\"https:\/\/textundbild.ch\/cms\/wp-content\/uploads\/DSCN2204_korr.jpg\",\"width\":4608,\"height\":3456,\"caption\":\"Bild, Island 2013\"},{\"@type\":\"BreadcrumbList\",\"@id\":\"https:\/\/textundbild.ch\/cms\/bild\/#breadcrumb\",\"itemListElement\":[{\"@type\":\"ListItem\",\"position\":1,\"name\":\"Startseite\",\"item\":\"https:\/\/textundbild.ch\/cms\/\"},{\"@type\":\"ListItem\",\"position\":2,\"name\":\"Ein Bild sagt mehr als 1000 Worte. Und l\u00e4sst Sie mit den Augen h\u00f6ren.\"}]},{\"@type\":\"WebSite\",\"@id\":\"https:\/\/textundbild.ch\/cms\/#website\",\"url\":\"https:\/\/textundbild.ch\/cms\/\",\"name\":\"text&amp;bild\",\"description\":\"Karin Meier, Marius Sch\u00e4ren, Bern\",\"potentialAction\":[{\"@type\":\"SearchAction\",\"target\":{\"@type\":\"EntryPoint\",\"urlTemplate\":\"https:\/\/textundbild.ch\/cms\/?s={search_term_string}\"},\"query-input\":{\"@type\":\"PropertyValueSpecification\",\"valueRequired\":true,\"valueName\":\"search_term_string\"}}],\"inLanguage\":\"de\"}]}<\/script>\n<!-- \/ Yoast SEO plugin. -->","yoast_head_json":{"title":"Ein Bild sagt mehr als 1000 Worte - Fotograf Marius Sch\u00e4ren, text&amp;bild","description":"Ob Portr\u00e4ts mit Puder, Reportagen im Regen, Stilleben im Studio, Architektur in der Agglo, K\u00fcsse in der Kirche: Unsere Bilder sprechen B\u00e4nde.","robots":{"index":"index","follow":"follow","max-snippet":"max-snippet:-1","max-image-preview":"max-image-preview:large","max-video-preview":"max-video-preview:-1"},"canonical":"https:\/\/textundbild.ch\/cms\/bild\/","og_locale":"de_DE","og_type":"article","og_title":"Ein Bild sagt mehr als 1000 Worte - Fotograf Marius Sch\u00e4ren, text&amp;bild","og_description":"Ob Portr\u00e4ts mit Puder, Reportagen im Regen, Stilleben im Studio, Architektur in der Agglo, K\u00fcsse in der Kirche: Unsere Bilder sprechen B\u00e4nde.","og_url":"https:\/\/textundbild.ch\/cms\/bild\/","og_site_name":"text&amp;bild","article_modified_time":"2020-11-04T09:31:26+00:00","og_image":[{"width":1800,"height":1350,"url":"https:\/\/textundbild.ch\/cms\/wp-content\/uploads\/DSCN2204_korr-1800x1350.jpg","type":"image\/jpeg"}],"twitter_card":"summary_large_image","schema":{"@context":"https:\/\/schema.org","@graph":[{"@type":"WebPage","@id":"https:\/\/textundbild.ch\/cms\/bild\/","url":"https:\/\/textundbild.ch\/cms\/bild\/","name":"Ein Bild sagt mehr als 1000 Worte - Fotograf Marius Sch\u00e4ren, text&amp;bild","isPartOf":{"@id":"https:\/\/textundbild.ch\/cms\/#website"},"primaryImageOfPage":{"@id":"https:\/\/textundbild.ch\/cms\/bild\/#primaryimage"},"image":{"@id":"https:\/\/textundbild.ch\/cms\/bild\/#primaryimage"},"thumbnailUrl":"https:\/\/textundbild.ch\/cms\/wp-content\/uploads\/DSCN2204_korr.jpg","datePublished":"2018-10-25T15:30:27+00:00","dateModified":"2020-11-04T09:31:26+00:00","description":"Ob Portr\u00e4ts mit Puder, Reportagen im Regen, Stilleben im Studio, Architektur in der Agglo, K\u00fcsse in der Kirche: Unsere Bilder sprechen B\u00e4nde.","breadcrumb":{"@id":"https:\/\/textundbild.ch\/cms\/bild\/#breadcrumb"},"inLanguage":"de","potentialAction":[{"@type":"ReadAction","target":["https:\/\/textundbild.ch\/cms\/bild\/"]}]},{"@type":"ImageObject","inLanguage":"de","@id":"https:\/\/textundbild.ch\/cms\/bild\/#primaryimage","url":"https:\/\/textundbild.ch\/cms\/wp-content\/uploads\/DSCN2204_korr.jpg","contentUrl":"https:\/\/textundbild.ch\/cms\/wp-content\/uploads\/DSCN2204_korr.jpg","width":4608,"height":3456,"caption":"Bild, Island 2013"},{"@type":"BreadcrumbList","@id":"https:\/\/textundbild.ch\/cms\/bild\/#breadcrumb","itemListElement":[{"@type":"ListItem","position":1,"name":"Startseite","item":"https:\/\/textundbild.ch\/cms\/"},{"@type":"ListItem","position":2,"name":"Ein Bild sagt mehr als 1000 Worte. Und l\u00e4sst Sie mit den Augen h\u00f6ren."}]},{"@type":"WebSite","@id":"https:\/\/textundbild.ch\/cms\/#website","url":"https:\/\/textundbild.ch\/cms\/","name":"text&amp;bild","description":"Karin Meier, Marius Sch\u00e4ren, Bern","potentialAction":[{"@type":"SearchAction","target":{"@type":"EntryPoint","urlTemplate":"https:\/\/textundbild.ch\/cms\/?s={search_term_string}"},"query-input":{"@type":"PropertyValueSpecification","valueRequired":true,"valueName":"search_term_string"}}],"inLanguage":"de"}]}},"_links":{"self":[{"href":"https:\/\/textundbild.ch\/cms\/wp-json\/wp\/v2\/pages\/2710","targetHints":{"allow":["GET"]}}],"collection":[{"href":"https:\/\/textundbild.ch\/cms\/wp-json\/wp\/v2\/pages"}],"about":[{"href":"https:\/\/textundbild.ch\/cms\/wp-json\/wp\/v2\/types\/page"}],"author":[{"embeddable":true,"href":"https:\/\/textundbild.ch\/cms\/wp-json\/wp\/v2\/users\/2"}],"replies":[{"embeddable":true,"href":"https:\/\/textundbild.ch\/cms\/wp-json\/wp\/v2\/comments?post=2710"}],"version-history":[{"count":9,"href":"https:\/\/textundbild.ch\/cms\/wp-json\/wp\/v2\/pages\/2710\/revisions"}],"predecessor-version":[{"id":3690,"href":"https:\/\/textundbild.ch\/cms\/wp-json\/wp\/v2\/pages\/2710\/revisions\/3690"}],"wp:featuredmedia":[{"embeddable":true,"href":"https:\/\/textundbild.ch\/cms\/wp-json\/wp\/v2\/media\/2930"}],"wp:attachment":[{"href":"https:\/\/textundbild.ch\/cms\/wp-json\/wp\/v2\/media?parent=2710"}],"curies":[{"name":"wp","href":"https:\/\/api.w.org\/{rel}","templated":true}]}}