{"id":2606,"date":"2018-10-24T08:14:02","date_gmt":"2018-10-24T06:14:02","guid":{"rendered":"https:\/\/textundbild.ch\/cms\/?page_id=2606"},"modified":"2024-07-03T14:40:29","modified_gmt":"2024-07-03T12:40:29","slug":"texte","status":"publish","type":"page","link":"https:\/\/textundbild.ch\/cms\/texte\/","title":{"rendered":"Texte"},"content":{"rendered":"<h2><strong>Linkedin, Websites und Print<br \/>\n<\/strong><\/h2>\n<p>Als Texter und Texterin bringen wir Menschen zum Reden, tragen die Fakten zusammen und fassen uns wo n\u00f6tig sehr kurz. So entstehen Texte f\u00fcr<\/p>\n<ul>\n<li>Linkedin-Posts und -Kampagnen<\/li>\n<li><a href=\"https:\/\/textundbild.ch\/cms\/content-marketing\/\" target=\"_blank\" rel=\"noopener\">Content Marketing<\/a><\/li>\n<li>Websites und Online-Ratgeber<\/li>\n<li>Tageszeitungen und Fachzeitschriften<\/li>\n<li>Jahresberichte, Mitarbeitermagazine, Brosch\u00fcren<\/li>\n<\/ul>\n<h2><strong>Die Schwerpunkte unserer Texte<br \/>\n<\/strong><\/h2>\n<ul>\n<li>Bauen, Energie, <a href=\"https:\/\/www.interieursuisse.ch\/de\/fachmagazin\" target=\"_blank\" rel=\"noopener noreferrer\">Wohnen<\/a> sowie Wohnen im Alter<\/li>\n<li><a href=\"http:\/\/www.millefolia.ch\" target=\"_blank\" rel=\"noopener noreferrer\">Komplement\u00e4rmedizin,<\/a> Medizin, <a href=\"https:\/\/www.spitexmagazin.ch\/\" target=\"_blank\" rel=\"noopener noreferrer\">Pflege<\/a> und Gesundheit<\/li>\n<li>Nachhaltigkeit und Lifestyle<\/li>\n<li>Soziales<\/li>\n<li>Bildung<\/li>\n<\/ul>\n<h3>Warum gerade diese Themen?<\/h3>\n<p>Wir haben uns in der Redaktion des Online-Ratgebers <a href=\"http:\/\/www.hausinfo.ch\">hausinfo.ch<\/a> kennengelernt. Bauen, Energie und Wohnen waren Themen, die uns dort viele Jahre lang besch\u00e4ftigt haben und es noch heute tun. Wir sprechen mit Bauherren, Designern und Wohnprofis. Zum Wohnen im Alter war es da nur ein kleiner Schritt, zumal unsere Eltern immer \u00e4lter werden. Unser Interesse an Gesundheit begann mit sprichw\u00f6rtlichen Erfahrungen am eigenen Leib.<\/p>\n<p>Wie wir unseren globalen Fussabdruck verringern k\u00f6nnen, treibt uns schon lange um. Schl\u00fcssige Antworten haben wir keine, aber wir tauchen tiefer und tiefer ins Thema ein und merken: It&#8217;s complicated. Als vielf\u00e4ltig aus- und weitergebildete Menschen, die noch lange im Arbeitsmarkt unterwegs sein wollen, ist Bildung etwas, das uns fast schon zwangsl\u00e4ufig interessiert. Eine Herzensangelegenheit ist auch der Einsatz f\u00fcr weniger privilegierte Menschen. Auf Reportagen f\u00fcr die reformierte Kirche erhalten wir Einblick in Welten, die uns aufw\u00fchlen und b\u00f6delen.<\/p>\n<h2><strong>Beratung und Redaktionsplanung<br \/>\n<\/strong><\/h2>\n<p>Wir machen aus Ideen Botschaften. Denn wir stellen die richtigen Fragen, erkennen die interessantesten Geschichten und finden die besten L\u00f6sungen. Egal, ob Sie eine Printpublikation planen oder neue Wege im Web und auf Social Media gehen m\u00f6chten: Mit unseren Texten haben Sie Erfolg. Und mit unserer Redaktionsplanung f\u00e4llt Ihnen die Arbeit sehr viel leichter.<\/p>\n<h2><strong>Mandate und <\/strong><strong>Stellvertretungen<\/strong><\/h2>\n<p>M\u00f6chten Sie sich den R\u00fccken freihalten und ein St\u00fcck des Redaktionsprozesses tempor\u00e4r oder dauerhaft abgeben? Wir koordinieren, planen, redigieren und produzieren f\u00fcr Sie. Und wir heben die Geschichten auf, die Ihnen heruntergefallen sind.<\/p>\n<p><a href=\"https:\/\/textundbild.ch\/cms\/category\/text\/\">Unsere Referenzen<\/a><a href=\"https:\/\/textundbild.ch\/cms\/category\/text\/\"> f<\/a><a href=\"https:\/\/textundbild.ch\/cms\/category\/text\/\">inden<\/a><a href=\"https:\/\/textundbild.ch\/cms\/category\/text\/\"> Sie hier.<\/a><\/p>\n<p>&nbsp;<\/p>\n","protected":false},"excerpt":{"rendered":"<p>Linkedin, Websites und Print Als Texter und Texterin bringen wir Menschen zum Reden, tragen die Fakten zusammen und fassen uns wo n\u00f6tig sehr&hellip;<\/p>\n","protected":false},"author":2,"featured_media":2917,"parent":0,"menu_order":0,"comment_status":"closed","ping_status":"closed","template":"page-templates\/no-sidebar.php","meta":{"footnotes":""},"class_list":["post-2606","page","type-page","status-publish","has-post-thumbnail","hentry"],"yoast_head":"<!-- This site is optimized with the Yoast SEO plugin v26.8 - https:\/\/yoast.com\/product\/yoast-seo-wordpress\/ -->\n<title>Texte f\u00fcr Print, Web und Social Media: Karin Meier und Marius Sch\u00e4ren<\/title>\n<meta name=\"description\" content=\"In uns finden Sie zwei leidenschaftliche Texter*innen f\u00fcr Social Media, Web und Print. Wir konzipieren, schreiben und redigieren f\u00fcr Sie.\" \/>\n<meta name=\"robots\" content=\"index, follow, max-snippet:-1, max-image-preview:large, max-video-preview:-1\" \/>\n<link rel=\"canonical\" href=\"https:\/\/textundbild.ch\/cms\/texte\/\" \/>\n<meta property=\"og:locale\" content=\"de_DE\" \/>\n<meta property=\"og:type\" content=\"article\" \/>\n<meta property=\"og:title\" content=\"Texte f\u00fcr Print, Web und Social Media: Karin Meier und Marius Sch\u00e4ren\" \/>\n<meta property=\"og:description\" content=\"In uns finden Sie zwei leidenschaftliche Texter*innen f\u00fcr Social Media, Web und Print. Wir konzipieren, schreiben und redigieren f\u00fcr Sie.\" \/>\n<meta property=\"og:url\" content=\"https:\/\/textundbild.ch\/cms\/texte\/\" \/>\n<meta property=\"og:site_name\" content=\"text&amp;bild\" \/>\n<meta property=\"article:modified_time\" content=\"2024-07-03T12:40:29+00:00\" \/>\n<meta property=\"og:image\" content=\"https:\/\/textundbild.ch\/cms\/wp-content\/uploads\/DSCN2715_korr-1800x1350.jpg\" \/>\n\t<meta property=\"og:image:width\" content=\"1800\" \/>\n\t<meta property=\"og:image:height\" content=\"1350\" \/>\n\t<meta property=\"og:image:type\" content=\"image\/jpeg\" \/>\n<meta name=\"twitter:card\" content=\"summary_large_image\" \/>\n<meta name=\"twitter:label1\" content=\"Gesch\u00e4tzte Lesezeit\" \/>\n\t<meta name=\"twitter:data1\" content=\"2\u00a0Minuten\" \/>\n<script type=\"application\/ld+json\" class=\"yoast-schema-graph\">{\"@context\":\"https:\/\/schema.org\",\"@graph\":[{\"@type\":\"WebPage\",\"@id\":\"https:\/\/textundbild.ch\/cms\/texte\/\",\"url\":\"https:\/\/textundbild.ch\/cms\/texte\/\",\"name\":\"Texte f\u00fcr Print, Web und Social Media: Karin Meier und Marius Sch\u00e4ren\",\"isPartOf\":{\"@id\":\"https:\/\/textundbild.ch\/cms\/#website\"},\"primaryImageOfPage\":{\"@id\":\"https:\/\/textundbild.ch\/cms\/texte\/#primaryimage\"},\"image\":{\"@id\":\"https:\/\/textundbild.ch\/cms\/texte\/#primaryimage\"},\"thumbnailUrl\":\"https:\/\/textundbild.ch\/cms\/wp-content\/uploads\/DSCN2715_korr.jpg\",\"datePublished\":\"2018-10-24T06:14:02+00:00\",\"dateModified\":\"2024-07-03T12:40:29+00:00\",\"description\":\"In uns finden Sie zwei leidenschaftliche Texter*innen f\u00fcr Social Media, Web und Print. Wir konzipieren, schreiben und redigieren f\u00fcr Sie.\",\"breadcrumb\":{\"@id\":\"https:\/\/textundbild.ch\/cms\/texte\/#breadcrumb\"},\"inLanguage\":\"de\",\"potentialAction\":[{\"@type\":\"ReadAction\",\"target\":[\"https:\/\/textundbild.ch\/cms\/texte\/\"]}]},{\"@type\":\"ImageObject\",\"inLanguage\":\"de\",\"@id\":\"https:\/\/textundbild.ch\/cms\/texte\/#primaryimage\",\"url\":\"https:\/\/textundbild.ch\/cms\/wp-content\/uploads\/DSCN2715_korr.jpg\",\"contentUrl\":\"https:\/\/textundbild.ch\/cms\/wp-content\/uploads\/DSCN2715_korr.jpg\",\"width\":4608,\"height\":3456,\"caption\":\"Texte f\u00fcr Print, Web, Social Media\"},{\"@type\":\"BreadcrumbList\",\"@id\":\"https:\/\/textundbild.ch\/cms\/texte\/#breadcrumb\",\"itemListElement\":[{\"@type\":\"ListItem\",\"position\":1,\"name\":\"Startseite\",\"item\":\"https:\/\/textundbild.ch\/cms\/\"},{\"@type\":\"ListItem\",\"position\":2,\"name\":\"Texte\"}]},{\"@type\":\"WebSite\",\"@id\":\"https:\/\/textundbild.ch\/cms\/#website\",\"url\":\"https:\/\/textundbild.ch\/cms\/\",\"name\":\"text&amp;bild\",\"description\":\"Karin Meier, Marius Sch\u00e4ren, Bern\",\"potentialAction\":[{\"@type\":\"SearchAction\",\"target\":{\"@type\":\"EntryPoint\",\"urlTemplate\":\"https:\/\/textundbild.ch\/cms\/?s={search_term_string}\"},\"query-input\":{\"@type\":\"PropertyValueSpecification\",\"valueRequired\":true,\"valueName\":\"search_term_string\"}}],\"inLanguage\":\"de\"}]}<\/script>\n<!-- \/ Yoast SEO plugin. -->","yoast_head_json":{"title":"Texte f\u00fcr Print, Web und Social Media: Karin Meier und Marius Sch\u00e4ren","description":"In uns finden Sie zwei leidenschaftliche Texter*innen f\u00fcr Social Media, Web und Print. Wir konzipieren, schreiben und redigieren f\u00fcr Sie.","robots":{"index":"index","follow":"follow","max-snippet":"max-snippet:-1","max-image-preview":"max-image-preview:large","max-video-preview":"max-video-preview:-1"},"canonical":"https:\/\/textundbild.ch\/cms\/texte\/","og_locale":"de_DE","og_type":"article","og_title":"Texte f\u00fcr Print, Web und Social Media: Karin Meier und Marius Sch\u00e4ren","og_description":"In uns finden Sie zwei leidenschaftliche Texter*innen f\u00fcr Social Media, Web und Print. Wir konzipieren, schreiben und redigieren f\u00fcr Sie.","og_url":"https:\/\/textundbild.ch\/cms\/texte\/","og_site_name":"text&amp;bild","article_modified_time":"2024-07-03T12:40:29+00:00","og_image":[{"width":1800,"height":1350,"url":"https:\/\/textundbild.ch\/cms\/wp-content\/uploads\/DSCN2715_korr-1800x1350.jpg","type":"image\/jpeg"}],"twitter_card":"summary_large_image","twitter_misc":{"Gesch\u00e4tzte Lesezeit":"2\u00a0Minuten"},"schema":{"@context":"https:\/\/schema.org","@graph":[{"@type":"WebPage","@id":"https:\/\/textundbild.ch\/cms\/texte\/","url":"https:\/\/textundbild.ch\/cms\/texte\/","name":"Texte f\u00fcr Print, Web und Social Media: Karin Meier und Marius Sch\u00e4ren","isPartOf":{"@id":"https:\/\/textundbild.ch\/cms\/#website"},"primaryImageOfPage":{"@id":"https:\/\/textundbild.ch\/cms\/texte\/#primaryimage"},"image":{"@id":"https:\/\/textundbild.ch\/cms\/texte\/#primaryimage"},"thumbnailUrl":"https:\/\/textundbild.ch\/cms\/wp-content\/uploads\/DSCN2715_korr.jpg","datePublished":"2018-10-24T06:14:02+00:00","dateModified":"2024-07-03T12:40:29+00:00","description":"In uns finden Sie zwei leidenschaftliche Texter*innen f\u00fcr Social Media, Web und Print. Wir konzipieren, schreiben und redigieren f\u00fcr Sie.","breadcrumb":{"@id":"https:\/\/textundbild.ch\/cms\/texte\/#breadcrumb"},"inLanguage":"de","potentialAction":[{"@type":"ReadAction","target":["https:\/\/textundbild.ch\/cms\/texte\/"]}]},{"@type":"ImageObject","inLanguage":"de","@id":"https:\/\/textundbild.ch\/cms\/texte\/#primaryimage","url":"https:\/\/textundbild.ch\/cms\/wp-content\/uploads\/DSCN2715_korr.jpg","contentUrl":"https:\/\/textundbild.ch\/cms\/wp-content\/uploads\/DSCN2715_korr.jpg","width":4608,"height":3456,"caption":"Texte f\u00fcr Print, Web, Social Media"},{"@type":"BreadcrumbList","@id":"https:\/\/textundbild.ch\/cms\/texte\/#breadcrumb","itemListElement":[{"@type":"ListItem","position":1,"name":"Startseite","item":"https:\/\/textundbild.ch\/cms\/"},{"@type":"ListItem","position":2,"name":"Texte"}]},{"@type":"WebSite","@id":"https:\/\/textundbild.ch\/cms\/#website","url":"https:\/\/textundbild.ch\/cms\/","name":"text&amp;bild","description":"Karin Meier, Marius Sch\u00e4ren, Bern","potentialAction":[{"@type":"SearchAction","target":{"@type":"EntryPoint","urlTemplate":"https:\/\/textundbild.ch\/cms\/?s={search_term_string}"},"query-input":{"@type":"PropertyValueSpecification","valueRequired":true,"valueName":"search_term_string"}}],"inLanguage":"de"}]}},"_links":{"self":[{"href":"https:\/\/textundbild.ch\/cms\/wp-json\/wp\/v2\/pages\/2606","targetHints":{"allow":["GET"]}}],"collection":[{"href":"https:\/\/textundbild.ch\/cms\/wp-json\/wp\/v2\/pages"}],"about":[{"href":"https:\/\/textundbild.ch\/cms\/wp-json\/wp\/v2\/types\/page"}],"author":[{"embeddable":true,"href":"https:\/\/textundbild.ch\/cms\/wp-json\/wp\/v2\/users\/2"}],"replies":[{"embeddable":true,"href":"https:\/\/textundbild.ch\/cms\/wp-json\/wp\/v2\/comments?post=2606"}],"version-history":[{"count":76,"href":"https:\/\/textundbild.ch\/cms\/wp-json\/wp\/v2\/pages\/2606\/revisions"}],"predecessor-version":[{"id":4046,"href":"https:\/\/textundbild.ch\/cms\/wp-json\/wp\/v2\/pages\/2606\/revisions\/4046"}],"wp:featuredmedia":[{"embeddable":true,"href":"https:\/\/textundbild.ch\/cms\/wp-json\/wp\/v2\/media\/2917"}],"wp:attachment":[{"href":"https:\/\/textundbild.ch\/cms\/wp-json\/wp\/v2\/media?parent=2606"}],"curies":[{"name":"wp","href":"https:\/\/api.w.org\/{rel}","templated":true}]}}