{"id":2537,"date":"2018-10-14T20:24:12","date_gmt":"2018-10-14T20:24:12","guid":{"rendered":"https:\/\/textundbild.ch\/cms\/?page_id=2537"},"modified":"2024-07-03T14:36:51","modified_gmt":"2024-07-03T12:36:51","slug":"ueber-uns","status":"publish","type":"page","link":"https:\/\/textundbild.ch\/cms\/ueber-uns\/","title":{"rendered":"Wer wir sind. Und was wir sonst noch tun."},"content":{"rendered":"<div class=\"two-columns-one\"><\/p>\n<div class=\"justify\">\n<h2>Karin Meier<\/h2>\n<blockquote><p>Seit 2008: Selbstst\u00e4ndige Texterin, Journalistin BR und Content-Spezialistin<br \/>\nSeit 2021: Chefredaktorin <a href=\"https:\/\/einrichtenschweiz.ch\/de\/services\/fachmagazin\/\" target=\"_blank\" rel=\"noopener\">einrichtenschweiz<\/a><br \/>\nCAS Digital Marketing<br \/>\nCAS Kommunikationsmanagement<br \/>\nMAS in Applied Ethics, lic. phil. hist.<\/p><\/blockquote>\n<h3>Mein Weg zur Texterin und Journalistin BR<\/h3>\n<p>Meine Heimat ist die Welt der Sprache und der Bilder, die mit ihr geschaffen werden. Weil diese Welt f\u00fcr mich wirklicher ist als die Realit\u00e4t, kann ich mit Miss Marple Verbrecher aufsp\u00fcren, mit Harry Potter k\u00e4mpfen und mit Elizabeth Curren den Tod bezwingen. Was mit Lesen begann, f\u00fchrte \u00fcber ein Literatur- und Sprachstudium zum Schreiben. Ob ich als Texterin und Journalistin BR eine Stimmung festhalte, Fakten darstelle oder Menschen portr\u00e4tiere, meine Sprache ist rhythmisch, knapp und pr\u00e4zise gew\u00e4hlt. Damit immer wieder Raum f\u00fcr neue Ideen entsteht, verabschiede ich mich ab und zu von der Arbeit. Meine Reiselust f\u00fchrt mich ins Oberengadin, in die Bergregionen dieser Welt und in die nicht allt\u00e4gliche Wirklichkeit.<\/p>\n<h3>Content-Marketing<\/h3>\n<p>Content habe ich schon erstellt, bevor die Welt das Content-Marketing entdeckte. Als Texterin freut es mich, dass guter Content gute Texte (und Bilder) erfordert. Denn wie sonst soll die Positionierung als Expert*in gelingen, wenn nicht mit einem rundum professionellen Auftritt? Als langj\u00e4hrige Ideenfinderin und mit datenbasierten Recherchen erkenne ich die Themen, welche die Kund*innen meiner Kund*innen bewegen.<\/p>\n<h3>Klimafreundlich<\/h3>\n<p>Die Bewahrung unseres Lebensraums war mir schon als Kind ein Anliegen. Dass ich im Home Office arbeiten kann, freut mich deshalb auch aus \u00f6kologischen Gr\u00fcnden. Denn es erlaubt mir eine schlanke Infrastruktur, zumal ich meinen Laptop und mein Smartphone so lange wie m\u00f6glich nutze, bevor ich sie ersetze. Meine Wohnung und damit mein Arbeitsort befindet sich in einem Minergie-P-eco-zertifzierten Geb\u00e4ude. Es wird mit Holzpellets beheizt und nutzt Sonnenenergie aktiv und passiv. Die Menschen, \u00fcber die ich schreibe und f\u00fcr die ich arbeite, erreiche ich mit dem \u00f6ffentlichen Verkehr, dem E-Bike und zu Fuss.<\/p>\n<p><a href=\"https:\/\/www.trust-j.org\/9769\" target=\"_blank\" rel=\"noopener noreferrer\"><img decoding=\"async\" src=\"https:\/\/www.trust-j.org\/fileadmin\/templates\/layout\/img\/trustj-logo.png\" width=\"200\" \/><\/a><\/p>\n<p><figure id=\"attachment_3313\" aria-describedby=\"caption-attachment-3313\" style=\"width: 599px\" class=\"wp-caption alignnone\"><img loading=\"lazy\" decoding=\"async\" class=\"wp-image-3313 size-medium\" src=\"https:\/\/textundbild.ch\/cms\/wp-content\/uploads\/Q_DSC_4068_1-599x640.jpg\" alt=\"Karin Meier: Texterin und Journalistin BR aus K\u00f6niz bei Bern\" width=\"599\" height=\"640\" srcset=\"https:\/\/textundbild.ch\/cms\/wp-content\/uploads\/Q_DSC_4068_1-599x640.jpg 599w, https:\/\/textundbild.ch\/cms\/wp-content\/uploads\/Q_DSC_4068_1-768x821.jpg 768w, https:\/\/textundbild.ch\/cms\/wp-content\/uploads\/Q_DSC_4068_1-1684x1800.jpg 1684w, https:\/\/textundbild.ch\/cms\/wp-content\/uploads\/Q_DSC_4068_1-646x690.jpg 646w\" sizes=\"auto, (max-width: 599px) 100vw, 599px\" \/><figcaption id=\"caption-attachment-3313\" class=\"wp-caption-text\">Karin Meier: Texterin und Content-Spezialistin aus K\u00f6niz bei Bern. Bild: B\u00e9atrice Dev\u00e8nes<\/figcaption><\/figure><\/p>\n<p>Mehr \u00fcber mich und meine Mandate erfahren Sie auf meinem <a href=\"https:\/\/www.linkedin.com\/in\/karin-meier-marketing\/\" target=\"_blank\" rel=\"noopener\">Linkedin-Profil<\/a>.<\/p>\n<\/div>\n<div class=\"justify\">\n<p><\/div>\n<\/div>\n<div class=\"two-columns-one last\"><\/p>\n<div class=\"justify\">\n<h2>Marius Sch\u00e4ren<\/h2>\n<blockquote><p><span class=\"inhalt\">Journalist, Autor, Fotograf<br \/>\nJournalistik, Komm.wissenschaften<br \/>\nLehrgang Pressefotografie MAZ<br \/>\nWebpublisher SIZ<br \/>\n<\/span><span class=\"inhalt\">Redaktor und Fotograf<br \/>\n<\/span><span class=\"inhalt\">bei der Zeitung <a href=\"http:\/\/reformiert.info\/\" target=\"_blank\" rel=\"noopener noreferrer\">reformiert.<\/a> seit 2015<br \/>\n<\/span><\/p><\/blockquote>\n<p><span class=\"inhalt\">Text und Bild &#8211; und mit einer Hauptrolle auch das Draussensein: In meiner Brust wohnen mindestens drei Seelen. Mit Leidenschaft las und schrieb ich schon als Kind, experimentierte bald mit dem Fotoapparat und kam nach Stationen in M\u00fcnsingen, Thun, Fribourg, dem St. Galler Oberland und dem Tessin nach Bern, nach- und teils miteinander als Student und freier Mitarbeiter, Redaktor, Schauspielsch\u00fcler, Online-Journalist, Webpublisher, Fotograf.<\/span><\/p>\n<p>Ich liebe packende Texte, sch\u00f6ne Geschichten, spannende Bilder; B\u00e4ume, Felsen, B\u00e4che und Pulverschnee; kochen, essen, trinken, schlafen; das Spiel, die Ironie, den Witz und das Leben; viele Menschen, und einige davon ganz speziell.<\/p>\n<p>Und ich liebe es, Geschichten, Stimmungen, Gef\u00fchle, Erlebnisse, Komplexes einfach und Kompliziertes klar in <a href=\"https:\/\/textundbild.ch\/cms\/storytelling_text\/\" target=\"_blank\" rel=\"noopener noreferrer\">Text<\/a> und <a href=\"https:\/\/textundbild.ch\/cms\/bild\/\" target=\"_blank\" rel=\"noopener noreferrer\">Bild<\/a> festzuhalten. (Und ich mag sch\u00f6ne lange S\u00e4tze.)<\/p>\n<p><figure id=\"attachment_3325\" aria-describedby=\"caption-attachment-3325\" style=\"width: 427px\" class=\"wp-caption alignnone\"><img loading=\"lazy\" decoding=\"async\" class=\"wp-image-3325 size-medium\" src=\"https:\/\/textundbild.ch\/cms\/wp-content\/uploads\/portrait_marius_schaeren-427x640.jpg\" alt=\"Wer wir sind: Marius Sch\u00e4ren ist Journalist, Autor, Fotograf.\" width=\"427\" height=\"640\" srcset=\"https:\/\/textundbild.ch\/cms\/wp-content\/uploads\/portrait_marius_schaeren-427x640.jpg 427w, https:\/\/textundbild.ch\/cms\/wp-content\/uploads\/portrait_marius_schaeren-768x1152.jpg 768w, https:\/\/textundbild.ch\/cms\/wp-content\/uploads\/portrait_marius_schaeren-1200x1800.jpg 1200w, https:\/\/textundbild.ch\/cms\/wp-content\/uploads\/portrait_marius_schaeren-460x690.jpg 460w, https:\/\/textundbild.ch\/cms\/wp-content\/uploads\/portrait_marius_schaeren.jpg 2000w\" sizes=\"auto, (max-width: 427px) 100vw, 427px\" \/><figcaption id=\"caption-attachment-3325\" class=\"wp-caption-text\">Bild: Marius Sch\u00e4ren<\/figcaption><\/figure><\/p>\n<p><\/div>\n<\/div>\n<div class=\"divider\"><\/div>\n","protected":false},"excerpt":{"rendered":"","protected":false},"author":1,"featured_media":2918,"parent":0,"menu_order":0,"comment_status":"closed","ping_status":"closed","template":"page-templates\/no-sidebar.php","meta":{"footnotes":""},"class_list":["post-2537","page","type-page","status-publish","has-post-thumbnail","hentry"],"yoast_head":"<!-- This site is optimized with the Yoast SEO plugin v26.8 - https:\/\/yoast.com\/product\/yoast-seo-wordpress\/ -->\n<title>text&amp;bild: Texterin Karin Meier und Fotograf Marius Sch\u00e4ren<\/title>\n<meta name=\"description\" content=\"Wer wir sind: Die Texterin und Content-Spezialistin Karin Meier pendelt zwischen Bern und Wales. Marius Sch\u00e4ren ist Fotograf und Journalist.\" \/>\n<meta name=\"robots\" content=\"index, follow, max-snippet:-1, max-image-preview:large, max-video-preview:-1\" \/>\n<link rel=\"canonical\" href=\"https:\/\/textundbild.ch\/cms\/ueber-uns\/\" \/>\n<meta property=\"og:locale\" content=\"de_DE\" \/>\n<meta property=\"og:type\" content=\"article\" \/>\n<meta property=\"og:title\" content=\"text&amp;bild: Texterin Karin Meier und Fotograf Marius Sch\u00e4ren\" \/>\n<meta property=\"og:description\" content=\"Wer wir sind: Die Texterin und Content-Spezialistin Karin Meier pendelt zwischen Bern und Wales. Marius Sch\u00e4ren ist Fotograf und Journalist.\" \/>\n<meta property=\"og:url\" content=\"https:\/\/textundbild.ch\/cms\/ueber-uns\/\" \/>\n<meta property=\"og:site_name\" content=\"text&amp;bild\" \/>\n<meta property=\"article:modified_time\" content=\"2024-07-03T12:36:51+00:00\" \/>\n<meta property=\"og:image\" content=\"https:\/\/textundbild.ch\/cms\/wp-content\/uploads\/DSCN2689_korr-1800x1350.jpg\" \/>\n\t<meta property=\"og:image:width\" content=\"1800\" \/>\n\t<meta property=\"og:image:height\" content=\"1350\" \/>\n\t<meta property=\"og:image:type\" content=\"image\/jpeg\" \/>\n<meta name=\"twitter:card\" content=\"summary_large_image\" \/>\n<meta name=\"twitter:label1\" content=\"Gesch\u00e4tzte Lesezeit\" \/>\n\t<meta name=\"twitter:data1\" content=\"3\u00a0Minuten\" \/>\n<script type=\"application\/ld+json\" class=\"yoast-schema-graph\">{\"@context\":\"https:\/\/schema.org\",\"@graph\":[{\"@type\":\"WebPage\",\"@id\":\"https:\/\/textundbild.ch\/cms\/ueber-uns\/\",\"url\":\"https:\/\/textundbild.ch\/cms\/ueber-uns\/\",\"name\":\"text&bild: Texterin Karin Meier und Fotograf Marius Sch\u00e4ren\",\"isPartOf\":{\"@id\":\"https:\/\/textundbild.ch\/cms\/#website\"},\"primaryImageOfPage\":{\"@id\":\"https:\/\/textundbild.ch\/cms\/ueber-uns\/#primaryimage\"},\"image\":{\"@id\":\"https:\/\/textundbild.ch\/cms\/ueber-uns\/#primaryimage\"},\"thumbnailUrl\":\"https:\/\/textundbild.ch\/cms\/wp-content\/uploads\/DSCN2689_korr.jpg\",\"datePublished\":\"2018-10-14T20:24:12+00:00\",\"dateModified\":\"2024-07-03T12:36:51+00:00\",\"description\":\"Wer wir sind: Die Texterin und Content-Spezialistin Karin Meier pendelt zwischen Bern und Wales. Marius Sch\u00e4ren ist Fotograf und Journalist.\",\"breadcrumb\":{\"@id\":\"https:\/\/textundbild.ch\/cms\/ueber-uns\/#breadcrumb\"},\"inLanguage\":\"de\",\"potentialAction\":[{\"@type\":\"ReadAction\",\"target\":[\"https:\/\/textundbild.ch\/cms\/ueber-uns\/\"]}]},{\"@type\":\"ImageObject\",\"inLanguage\":\"de\",\"@id\":\"https:\/\/textundbild.ch\/cms\/ueber-uns\/#primaryimage\",\"url\":\"https:\/\/textundbild.ch\/cms\/wp-content\/uploads\/DSCN2689_korr.jpg\",\"contentUrl\":\"https:\/\/textundbild.ch\/cms\/wp-content\/uploads\/DSCN2689_korr.jpg\",\"width\":4608,\"height\":3456,\"caption\":\"\u00fcber uns: Karin Meier und Marius Sch\u00e4ren\"},{\"@type\":\"BreadcrumbList\",\"@id\":\"https:\/\/textundbild.ch\/cms\/ueber-uns\/#breadcrumb\",\"itemListElement\":[{\"@type\":\"ListItem\",\"position\":1,\"name\":\"Startseite\",\"item\":\"https:\/\/textundbild.ch\/cms\/\"},{\"@type\":\"ListItem\",\"position\":2,\"name\":\"Wer wir sind. Und was wir sonst noch tun.\"}]},{\"@type\":\"WebSite\",\"@id\":\"https:\/\/textundbild.ch\/cms\/#website\",\"url\":\"https:\/\/textundbild.ch\/cms\/\",\"name\":\"text&amp;bild\",\"description\":\"Karin Meier, Marius Sch\u00e4ren, Bern\",\"potentialAction\":[{\"@type\":\"SearchAction\",\"target\":{\"@type\":\"EntryPoint\",\"urlTemplate\":\"https:\/\/textundbild.ch\/cms\/?s={search_term_string}\"},\"query-input\":{\"@type\":\"PropertyValueSpecification\",\"valueRequired\":true,\"valueName\":\"search_term_string\"}}],\"inLanguage\":\"de\"}]}<\/script>\n<!-- \/ Yoast SEO plugin. -->","yoast_head_json":{"title":"text&bild: Texterin Karin Meier und Fotograf Marius Sch\u00e4ren","description":"Wer wir sind: Die Texterin und Content-Spezialistin Karin Meier pendelt zwischen Bern und Wales. Marius Sch\u00e4ren ist Fotograf und Journalist.","robots":{"index":"index","follow":"follow","max-snippet":"max-snippet:-1","max-image-preview":"max-image-preview:large","max-video-preview":"max-video-preview:-1"},"canonical":"https:\/\/textundbild.ch\/cms\/ueber-uns\/","og_locale":"de_DE","og_type":"article","og_title":"text&bild: Texterin Karin Meier und Fotograf Marius Sch\u00e4ren","og_description":"Wer wir sind: Die Texterin und Content-Spezialistin Karin Meier pendelt zwischen Bern und Wales. Marius Sch\u00e4ren ist Fotograf und Journalist.","og_url":"https:\/\/textundbild.ch\/cms\/ueber-uns\/","og_site_name":"text&amp;bild","article_modified_time":"2024-07-03T12:36:51+00:00","og_image":[{"width":1800,"height":1350,"url":"https:\/\/textundbild.ch\/cms\/wp-content\/uploads\/DSCN2689_korr-1800x1350.jpg","type":"image\/jpeg"}],"twitter_card":"summary_large_image","twitter_misc":{"Gesch\u00e4tzte Lesezeit":"3\u00a0Minuten"},"schema":{"@context":"https:\/\/schema.org","@graph":[{"@type":"WebPage","@id":"https:\/\/textundbild.ch\/cms\/ueber-uns\/","url":"https:\/\/textundbild.ch\/cms\/ueber-uns\/","name":"text&bild: Texterin Karin Meier und Fotograf Marius Sch\u00e4ren","isPartOf":{"@id":"https:\/\/textundbild.ch\/cms\/#website"},"primaryImageOfPage":{"@id":"https:\/\/textundbild.ch\/cms\/ueber-uns\/#primaryimage"},"image":{"@id":"https:\/\/textundbild.ch\/cms\/ueber-uns\/#primaryimage"},"thumbnailUrl":"https:\/\/textundbild.ch\/cms\/wp-content\/uploads\/DSCN2689_korr.jpg","datePublished":"2018-10-14T20:24:12+00:00","dateModified":"2024-07-03T12:36:51+00:00","description":"Wer wir sind: Die Texterin und Content-Spezialistin Karin Meier pendelt zwischen Bern und Wales. Marius Sch\u00e4ren ist Fotograf und Journalist.","breadcrumb":{"@id":"https:\/\/textundbild.ch\/cms\/ueber-uns\/#breadcrumb"},"inLanguage":"de","potentialAction":[{"@type":"ReadAction","target":["https:\/\/textundbild.ch\/cms\/ueber-uns\/"]}]},{"@type":"ImageObject","inLanguage":"de","@id":"https:\/\/textundbild.ch\/cms\/ueber-uns\/#primaryimage","url":"https:\/\/textundbild.ch\/cms\/wp-content\/uploads\/DSCN2689_korr.jpg","contentUrl":"https:\/\/textundbild.ch\/cms\/wp-content\/uploads\/DSCN2689_korr.jpg","width":4608,"height":3456,"caption":"\u00fcber uns: Karin Meier und Marius Sch\u00e4ren"},{"@type":"BreadcrumbList","@id":"https:\/\/textundbild.ch\/cms\/ueber-uns\/#breadcrumb","itemListElement":[{"@type":"ListItem","position":1,"name":"Startseite","item":"https:\/\/textundbild.ch\/cms\/"},{"@type":"ListItem","position":2,"name":"Wer wir sind. Und was wir sonst noch tun."}]},{"@type":"WebSite","@id":"https:\/\/textundbild.ch\/cms\/#website","url":"https:\/\/textundbild.ch\/cms\/","name":"text&amp;bild","description":"Karin Meier, Marius Sch\u00e4ren, Bern","potentialAction":[{"@type":"SearchAction","target":{"@type":"EntryPoint","urlTemplate":"https:\/\/textundbild.ch\/cms\/?s={search_term_string}"},"query-input":{"@type":"PropertyValueSpecification","valueRequired":true,"valueName":"search_term_string"}}],"inLanguage":"de"}]}},"_links":{"self":[{"href":"https:\/\/textundbild.ch\/cms\/wp-json\/wp\/v2\/pages\/2537","targetHints":{"allow":["GET"]}}],"collection":[{"href":"https:\/\/textundbild.ch\/cms\/wp-json\/wp\/v2\/pages"}],"about":[{"href":"https:\/\/textundbild.ch\/cms\/wp-json\/wp\/v2\/types\/page"}],"author":[{"embeddable":true,"href":"https:\/\/textundbild.ch\/cms\/wp-json\/wp\/v2\/users\/1"}],"replies":[{"embeddable":true,"href":"https:\/\/textundbild.ch\/cms\/wp-json\/wp\/v2\/comments?post=2537"}],"version-history":[{"count":77,"href":"https:\/\/textundbild.ch\/cms\/wp-json\/wp\/v2\/pages\/2537\/revisions"}],"predecessor-version":[{"id":4042,"href":"https:\/\/textundbild.ch\/cms\/wp-json\/wp\/v2\/pages\/2537\/revisions\/4042"}],"wp:featuredmedia":[{"embeddable":true,"href":"https:\/\/textundbild.ch\/cms\/wp-json\/wp\/v2\/media\/2918"}],"wp:attachment":[{"href":"https:\/\/textundbild.ch\/cms\/wp-json\/wp\/v2\/media?parent=2537"}],"curies":[{"name":"wp","href":"https:\/\/api.w.org\/{rel}","templated":true}]}}